{"id":2155,"date":"2023-08-15T14:05:32","date_gmt":"2023-08-15T11:05:32","guid":{"rendered":"https:\/\/cakeyard.com\/product\/brownies\/"},"modified":"2025-02-24T23:43:51","modified_gmt":"2025-02-24T20:43:51","slug":"brownies","status":"publish","type":"product","link":"https:\/\/cakeyard.com\/en\/product\/brownies\/","title":{"rendered":"Brownies"},"content":{"rendered":"<p><b>Cake Yard<\/b>&#8216;\u0131n d\u00fcnyas\u0131na ad\u0131m at\u0131n: Lezzetli vakumlu ambalajl\u0131 brownielerin en kaliteli online adresi. Do\u011fum g\u00fcnleri, aile ve arkada\u015f bulu\u015fmalar\u0131 veya keyifli film geceleri i\u00e7in m\u00fckemmel. Her sipari\u015f, servise haz\u0131r iki brownie i\u00e7erir. Tercihinize g\u00f6re farkl\u0131 lezzetleri ke\u015ffedin &#8211; Klasik \u00c7ikolata&#8217;dan, kurutulmu\u015f Vi\u015fne&#8217;ye, cevizli \u00fcstl\u00fc, beyaz \u00e7ikolata dolgulu veya muhte\u015fem Tahin ile s\u00fcslenmi\u015f se\u00e7eneklerden birini se\u00e7in. Cake Yard&#8217;\u0131n ba\u015ftan \u00e7\u0131kar\u0131c\u0131 se\u00e7enekleriyle an\u0131lar\u0131n\u0131za tat kat\u0131n, her etkinli\u011fe tatl\u0131 bir dokunu\u015f ekleyin.<\/p>\n<p>2X150 grms<\/p>\n<p><img fetchpriority=\"high\" decoding=\"async\" class=\"alignnone size-medium wp-image-1349\" src=\"https:\/\/cakeyard.com\/wp-content\/uploads\/2023\/08\/DSC05889-1-200x300.jpg\" alt=\"\" width=\"200\" height=\"300\" srcset=\"https:\/\/cakeyard.com\/wp-content\/uploads\/2023\/08\/DSC05889-1-200x300.jpg 200w, https:\/\/cakeyard.com\/wp-content\/uploads\/2023\/08\/DSC05889-1-683x1024.jpg 683w, https:\/\/cakeyard.com\/wp-content\/uploads\/2023\/08\/DSC05889-1-768x1152.jpg 768w, https:\/\/cakeyard.com\/wp-content\/uploads\/2023\/08\/DSC05889-1-1024x1536.jpg 1024w, https:\/\/cakeyard.com\/wp-content\/uploads\/2023\/08\/DSC05889-1-1365x2048.jpg 1365w, https:\/\/cakeyard.com\/wp-content\/uploads\/2023\/08\/DSC05889-1-600x900.jpg 600w, https:\/\/cakeyard.com\/wp-content\/uploads\/2023\/08\/DSC05889-1-scaled.jpg 1707w\" sizes=\"(max-width: 200px) 100vw, 200px\" \/>\u00a0 \u00a0 <img decoding=\"async\" class=\"alignnone size-medium wp-image-1347\" src=\"https:\/\/cakeyard.com\/wp-content\/uploads\/2023\/08\/DSC05887-1-300x200.jpg\" alt=\"\" width=\"300\" height=\"200\" srcset=\"https:\/\/cakeyard.com\/wp-content\/uploads\/2023\/08\/DSC05887-1-300x200.jpg 300w, https:\/\/cakeyard.com\/wp-content\/uploads\/2023\/08\/DSC05887-1-1024x683.jpg 1024w, https:\/\/cakeyard.com\/wp-content\/uploads\/2023\/08\/DSC05887-1-768x512.jpg 768w, https:\/\/cakeyard.com\/wp-content\/uploads\/2023\/08\/DSC05887-1-1536x1024.jpg 1536w, https:\/\/cakeyard.com\/wp-content\/uploads\/2023\/08\/DSC05887-1-2048x1365.jpg 2048w, https:\/\/cakeyard.com\/wp-content\/uploads\/2023\/08\/DSC05887-1-600x400.jpg 600w\" sizes=\"(max-width: 300px) 100vw, 300px\" \/> \u00a0<img decoding=\"async\" class=\"alignnone size-medium wp-image-1317\" src=\"https:\/\/cakeyard.com\/wp-content\/uploads\/2023\/08\/DSC08195-1-300x200.jpg\" alt=\"\" width=\"300\" height=\"200\" srcset=\"https:\/\/cakeyard.com\/wp-content\/uploads\/2023\/08\/DSC08195-1-300x200.jpg 300w, https:\/\/cakeyard.com\/wp-content\/uploads\/2023\/08\/DSC08195-1-1024x683.jpg 1024w, https:\/\/cakeyard.com\/wp-content\/uploads\/2023\/08\/DSC08195-1-768x512.jpg 768w, https:\/\/cakeyard.com\/wp-content\/uploads\/2023\/08\/DSC08195-1-1536x1024.jpg 1536w, https:\/\/cakeyard.com\/wp-content\/uploads\/2023\/08\/DSC08195-1-2048x1365.jpg 2048w, https:\/\/cakeyard.com\/wp-content\/uploads\/2023\/08\/DSC08195-1-600x400.jpg 600w\" sizes=\"(max-width: 300px) 100vw, 300px\" \/><\/p>\n","protected":false},"excerpt":{"rendered":"<p><strong>2X150 grm<\/strong><br \/>\nCake Yard&#8217;\u0131n d\u00fcnyas\u0131na ad\u0131m at\u0131n: Lezzetli vakumlu ambalajl\u0131 brownielerin en kaliteli online adresi. Do\u011fum g\u00fcnleri, aile ve arkada\u015f bulu\u015fmalar\u0131 veya keyifli film geceleri i\u00e7in m\u00fckemmel. Her sipari\u015f, servise haz\u0131r iki brownie i\u00e7erir. Tercihinize g\u00f6re farkl\u0131 lezzetleri ke\u015ffedin &#8211; klasik \u00c7ikolata&#8217;dan kurutulmu\u015f Vi\u015fne&#8217;ye, cevizli \u00fcstl\u00fc, beyaz \u00e7ikolata dolgulu veya muhte\u015fem Tahin ile s\u00fcslenmi\u015f se\u00e7eneklerden birini se\u00e7in. Cake Yard&#8217;\u0131n ba\u015ftan \u00e7\u0131kar\u0131c\u0131 se\u00e7enekleriyle an\u0131lar\u0131n\u0131za tat kat\u0131n, her etkinli\u011fe tatl\u0131 bir dokunu\u015f ekleyin.kadar geliyor.<\/p>\n<p><img loading=\"lazy\" decoding=\"async\" class=\"alignnone size-medium wp-image-1381\" src=\"https:\/\/cakeyard.com\/wp-content\/uploads\/2023\/08\/DSC05892-300x200.jpg\" alt=\"\" width=\"300\" height=\"200\" srcset=\"https:\/\/cakeyard.com\/wp-content\/uploads\/2023\/08\/DSC05892-300x200.jpg 300w, https:\/\/cakeyard.com\/wp-content\/uploads\/2023\/08\/DSC05892-1024x683.jpg 1024w, https:\/\/cakeyard.com\/wp-content\/uploads\/2023\/08\/DSC05892-768x512.jpg 768w, https:\/\/cakeyard.com\/wp-content\/uploads\/2023\/08\/DSC05892-1536x1024.jpg 1536w, https:\/\/cakeyard.com\/wp-content\/uploads\/2023\/08\/DSC05892-2048x1365.jpg 2048w, https:\/\/cakeyard.com\/wp-content\/uploads\/2023\/08\/DSC05892-600x400.jpg 600w\" sizes=\"(max-width: 300px) 100vw, 300px\" \/>\u00a0 \u00a0<img loading=\"lazy\" decoding=\"async\" class=\"alignnone size-medium wp-image-1377\" src=\"https:\/\/cakeyard.com\/wp-content\/uploads\/2023\/08\/DSC05899-200x300.jpg\" alt=\"\" width=\"200\" height=\"300\" srcset=\"https:\/\/cakeyard.com\/wp-content\/uploads\/2023\/08\/DSC05899-200x300.jpg 200w, https:\/\/cakeyard.com\/wp-content\/uploads\/2023\/08\/DSC05899-683x1024.jpg 683w, https:\/\/cakeyard.com\/wp-content\/uploads\/2023\/08\/DSC05899-768x1152.jpg 768w, https:\/\/cakeyard.com\/wp-content\/uploads\/2023\/08\/DSC05899-1024x1536.jpg 1024w, https:\/\/cakeyard.com\/wp-content\/uploads\/2023\/08\/DSC05899-1365x2048.jpg 1365w, https:\/\/cakeyard.com\/wp-content\/uploads\/2023\/08\/DSC05899-600x900.jpg 600w, https:\/\/cakeyard.com\/wp-content\/uploads\/2023\/08\/DSC05899-scaled.jpg 1706w\" sizes=\"(max-width: 200px) 100vw, 200px\" \/>\u00a0 \u00a0<img loading=\"lazy\" decoding=\"async\" class=\"alignnone size-medium wp-image-1349\" style=\"font-family: var(--global-body-font-family);\" src=\"https:\/\/cakeyard.com\/wp-content\/uploads\/2023\/08\/DSC05889-1-200x300.jpg\" alt=\"\" width=\"200\" height=\"300\" srcset=\"https:\/\/cakeyard.com\/wp-content\/uploads\/2023\/08\/DSC05889-1-200x300.jpg 200w, https:\/\/cakeyard.com\/wp-content\/uploads\/2023\/08\/DSC05889-1-683x1024.jpg 683w, https:\/\/cakeyard.com\/wp-content\/uploads\/2023\/08\/DSC05889-1-768x1152.jpg 768w, https:\/\/cakeyard.com\/wp-content\/uploads\/2023\/08\/DSC05889-1-1024x1536.jpg 1024w, https:\/\/cakeyard.com\/wp-content\/uploads\/2023\/08\/DSC05889-1-1365x2048.jpg 1365w, https:\/\/cakeyard.com\/wp-content\/uploads\/2023\/08\/DSC05889-1-600x900.jpg 600w, https:\/\/cakeyard.com\/wp-content\/uploads\/2023\/08\/DSC05889-1-scaled.jpg 1707w\" sizes=\"(max-width: 200px) 100vw, 200px\" \/> \u00a0<img loading=\"lazy\" decoding=\"async\" class=\"alignnone size-medium wp-image-1375\" style=\"font-family: var(--global-body-font-family);\" src=\"https:\/\/cakeyard.com\/wp-content\/uploads\/2023\/08\/DSC05901-300x200.jpg\" alt=\"\" width=\"300\" height=\"200\" srcset=\"https:\/\/cakeyard.com\/wp-content\/uploads\/2023\/08\/DSC05901-300x200.jpg 300w, https:\/\/cakeyard.com\/wp-content\/uploads\/2023\/08\/DSC05901-1024x683.jpg 1024w, https:\/\/cakeyard.com\/wp-content\/uploads\/2023\/08\/DSC05901-768x512.jpg 768w, https:\/\/cakeyard.com\/wp-content\/uploads\/2023\/08\/DSC05901-1536x1024.jpg 1536w, https:\/\/cakeyard.com\/wp-content\/uploads\/2023\/08\/DSC05901-2048x1365.jpg 2048w, https:\/\/cakeyard.com\/wp-content\/uploads\/2023\/08\/DSC05901-600x400.jpg 600w\" sizes=\"(max-width: 300px) 100vw, 300px\" \/> \u00a0 <img loading=\"lazy\" decoding=\"async\" class=\"alignnone size-medium wp-image-1373\" style=\"font-family: var(--global-body-font-family);\" src=\"https:\/\/cakeyard.com\/wp-content\/uploads\/2023\/08\/DSC05902-300x200.jpg\" alt=\"\" width=\"300\" height=\"200\" srcset=\"https:\/\/cakeyard.com\/wp-content\/uploads\/2023\/08\/DSC05902-300x200.jpg 300w, https:\/\/cakeyard.com\/wp-content\/uploads\/2023\/08\/DSC05902-1024x683.jpg 1024w, https:\/\/cakeyard.com\/wp-content\/uploads\/2023\/08\/DSC05902-768x512.jpg 768w, https:\/\/cakeyard.com\/wp-content\/uploads\/2023\/08\/DSC05902-1536x1024.jpg 1536w, https:\/\/cakeyard.com\/wp-content\/uploads\/2023\/08\/DSC05902-2048x1365.jpg 2048w, https:\/\/cakeyard.com\/wp-content\/uploads\/2023\/08\/DSC05902-600x400.jpg 600w\" sizes=\"(max-width: 300px) 100vw, 300px\" \/> <img loading=\"lazy\" decoding=\"async\" class=\"alignnone size-medium wp-image-1371\" style=\"font-family: var(--global-body-font-family);\" src=\"https:\/\/cakeyard.com\/wp-content\/uploads\/2023\/08\/DSC05904-300x200.jpg\" alt=\"\" width=\"300\" height=\"200\" srcset=\"https:\/\/cakeyard.com\/wp-content\/uploads\/2023\/08\/DSC05904-300x200.jpg 300w, https:\/\/cakeyard.com\/wp-content\/uploads\/2023\/08\/DSC05904-1024x683.jpg 1024w, https:\/\/cakeyard.com\/wp-content\/uploads\/2023\/08\/DSC05904-768x512.jpg 768w, https:\/\/cakeyard.com\/wp-content\/uploads\/2023\/08\/DSC05904-1536x1024.jpg 1536w, https:\/\/cakeyard.com\/wp-content\/uploads\/2023\/08\/DSC05904-2048x1365.jpg 2048w, https:\/\/cakeyard.com\/wp-content\/uploads\/2023\/08\/DSC05904-600x400.jpg 600w\" sizes=\"(max-width: 300px) 100vw, 300px\" \/> \u00a0<span style=\"font-family: var(--global-body-font-family);\"> \u00a0<\/span><img loading=\"lazy\" decoding=\"async\" class=\"alignnone size-medium wp-image-1351\" style=\"font-family: var(--global-body-font-family);\" src=\"https:\/\/cakeyard.com\/wp-content\/uploads\/2023\/08\/DSC05890-300x200.jpg\" alt=\"\" width=\"300\" height=\"200\" srcset=\"https:\/\/cakeyard.com\/wp-content\/uploads\/2023\/08\/DSC05890-300x200.jpg 300w, https:\/\/cakeyard.com\/wp-content\/uploads\/2023\/08\/DSC05890-1024x683.jpg 1024w, https:\/\/cakeyard.com\/wp-content\/uploads\/2023\/08\/DSC05890-768x512.jpg 768w, https:\/\/cakeyard.com\/wp-content\/uploads\/2023\/08\/DSC05890-1536x1024.jpg 1536w, https:\/\/cakeyard.com\/wp-content\/uploads\/2023\/08\/DSC05890-2048x1365.jpg 2048w, https:\/\/cakeyard.com\/wp-content\/uploads\/2023\/08\/DSC05890-600x400.jpg 600w\" sizes=\"(max-width: 300px) 100vw, 300px\" \/> <img loading=\"lazy\" decoding=\"async\" class=\"alignnone size-medium wp-image-1347\" style=\"font-family: var(--global-body-font-family);\" src=\"https:\/\/cakeyard.com\/wp-content\/uploads\/2023\/08\/DSC05887-1-300x200.jpg\" alt=\"\" width=\"300\" height=\"200\" srcset=\"https:\/\/cakeyard.com\/wp-content\/uploads\/2023\/08\/DSC05887-1-300x200.jpg 300w, https:\/\/cakeyard.com\/wp-content\/uploads\/2023\/08\/DSC05887-1-1024x683.jpg 1024w, https:\/\/cakeyard.com\/wp-content\/uploads\/2023\/08\/DSC05887-1-768x512.jpg 768w, https:\/\/cakeyard.com\/wp-content\/uploads\/2023\/08\/DSC05887-1-1536x1024.jpg 1536w, https:\/\/cakeyard.com\/wp-content\/uploads\/2023\/08\/DSC05887-1-2048x1365.jpg 2048w, https:\/\/cakeyard.com\/wp-content\/uploads\/2023\/08\/DSC05887-1-600x400.jpg 600w\" sizes=\"(max-width: 300px) 100vw, 300px\" \/>\u00a0 \u00a0\u00a0 <img loading=\"lazy\" decoding=\"async\" class=\"alignnone size-medium wp-image-1317\" style=\"font-family: var(--global-body-font-family);\" src=\"https:\/\/cakeyard.com\/wp-content\/uploads\/2023\/08\/DSC08195-1-300x200.jpg\" alt=\"\" width=\"300\" height=\"200\" srcset=\"https:\/\/cakeyard.com\/wp-content\/uploads\/2023\/08\/DSC08195-1-300x200.jpg 300w, https:\/\/cakeyard.com\/wp-content\/uploads\/2023\/08\/DSC08195-1-1024x683.jpg 1024w, https:\/\/cakeyard.com\/wp-content\/uploads\/2023\/08\/DSC08195-1-768x512.jpg 768w, https:\/\/cakeyard.com\/wp-content\/uploads\/2023\/08\/DSC08195-1-1536x1024.jpg 1536w, https:\/\/cakeyard.com\/wp-content\/uploads\/2023\/08\/DSC08195-1-2048x1365.jpg 2048w, https:\/\/cakeyard.com\/wp-content\/uploads\/2023\/08\/DSC08195-1-600x400.jpg 600w\" sizes=\"(max-width: 300px) 100vw, 300px\" \/> <img loading=\"lazy\" decoding=\"async\" class=\"alignnone size-medium wp-image-1307\" style=\"font-family: var(--global-body-font-family);\" src=\"https:\/\/cakeyard.com\/wp-content\/uploads\/2023\/08\/DSC05887-300x200.jpg\" alt=\"\" width=\"300\" height=\"200\" srcset=\"https:\/\/cakeyard.com\/wp-content\/uploads\/2023\/08\/DSC05887-300x200.jpg 300w, https:\/\/cakeyard.com\/wp-content\/uploads\/2023\/08\/DSC05887-1024x683.jpg 1024w, https:\/\/cakeyard.com\/wp-content\/uploads\/2023\/08\/DSC05887-768x512.jpg 768w, https:\/\/cakeyard.com\/wp-content\/uploads\/2023\/08\/DSC05887-1536x1024.jpg 1536w, https:\/\/cakeyard.com\/wp-content\/uploads\/2023\/08\/DSC05887-2048x1365.jpg 2048w, https:\/\/cakeyard.com\/wp-content\/uploads\/2023\/08\/DSC05887-600x400.jpg 600w\" sizes=\"(max-width: 300px) 100vw, 300px\" \/><span style=\"font-family: var(--global-body-font-family);\">\u00a0 \u00a0<\/span><img loading=\"lazy\" decoding=\"async\" class=\"alignnone size-medium wp-image-1309\" style=\"font-family: var(--global-body-font-family);\" src=\"https:\/\/cakeyard.com\/wp-content\/uploads\/2023\/08\/DSC05889-200x300.jpg\" alt=\"\" width=\"200\" height=\"300\" srcset=\"https:\/\/cakeyard.com\/wp-content\/uploads\/2023\/08\/DSC05889-200x300.jpg 200w, https:\/\/cakeyard.com\/wp-content\/uploads\/2023\/08\/DSC05889-683x1024.jpg 683w, https:\/\/cakeyard.com\/wp-content\/uploads\/2023\/08\/DSC05889-768x1152.jpg 768w, https:\/\/cakeyard.com\/wp-content\/uploads\/2023\/08\/DSC05889-1024x1536.jpg 1024w, https:\/\/cakeyard.com\/wp-content\/uploads\/2023\/08\/DSC05889-1365x2048.jpg 1365w, https:\/\/cakeyard.com\/wp-content\/uploads\/2023\/08\/DSC05889-600x900.jpg 600w, https:\/\/cakeyard.com\/wp-content\/uploads\/2023\/08\/DSC05889-scaled.jpg 1707w\" sizes=\"(max-width: 200px) 100vw, 200px\" \/><\/p>\n","protected":false},"featured_media":1384,"comment_status":"open","ping_status":"closed","template":"","meta":{"_monsterinsights_skip_tracking":false,"_monsterinsights_sitenote_active":false,"_monsterinsights_sitenote_note":"","_monsterinsights_sitenote_category":0,"_kad_post_transparent":"default","_kad_post_title":"","_kad_post_layout":"default","_kad_post_sidebar_id":"","_kad_post_content_style":"default","_kad_post_vertical_padding":"default","_kad_post_feature":"","_kad_post_feature_position":"","_kad_post_header":false,"_kad_post_footer":false,"_kad_post_classname":""},"product_brand":[],"product_cat":[153],"product_tag":[146,149],"class_list":{"0":"post-2155","1":"product","2":"type-product","3":"status-publish","4":"has-post-thumbnail","6":"product_cat-shipping-nationwide","7":"product_tag-brownie","8":"product_tag-tatli-en","10":"first","11":"instock","12":"sale","13":"taxable","14":"shipping-taxable","15":"purchasable","16":"product-type-simple","17":"entry","18":"content-bg","19":"loop-entry"},"yoast_head":"<!-- This site is optimized with the Yoast SEO plugin v27.4 - https:\/\/yoast.com\/product\/yoast-seo-wordpress\/ -->\n<title>Brownies | Cake Yard %<\/title>\n<meta name=\"description\" content=\"2X150 gram, Kaliteli Bel\u00e7ika \u00e7ikolatalar\u0131 ile haz\u0131rlanan benzersiz lezzetteki Klasik Brownie&#039;ler taptaze bir \u015fekilde evinize kadar geliyor.\" \/>\n<meta name=\"robots\" content=\"index, follow, max-snippet:-1, max-image-preview:large, max-video-preview:-1\" \/>\n<link rel=\"canonical\" href=\"https:\/\/cakeyard.com\/en\/product\/brownies\/\" \/>\n<meta property=\"og:locale\" content=\"en_US\" \/>\n<meta property=\"og:type\" content=\"article\" \/>\n<meta property=\"og:title\" content=\"Brownies | Cake Yard %\" \/>\n<meta property=\"og:description\" content=\"2X150 gram, Kaliteli Bel\u00e7ika \u00e7ikolatalar\u0131 ile haz\u0131rlanan benzersiz lezzetteki Klasik Brownie&#039;ler taptaze bir \u015fekilde evinize kadar geliyor.\" \/>\n<meta property=\"og:url\" content=\"https:\/\/cakeyard.com\/en\/product\/brownies\/\" \/>\n<meta property=\"og:site_name\" content=\"Cake Yard\" \/>\n<meta property=\"article:publisher\" content=\"https:\/\/www.facebook.com\/cakeyardtr\" \/>\n<meta property=\"article:modified_time\" content=\"2025-02-24T20:43:51+00:00\" \/>\n<meta property=\"og:image\" content=\"https:\/\/cakeyard.com\/wp-content\/uploads\/2023\/08\/DSC05895-scaled.jpg\" \/>\n\t<meta property=\"og:image:width\" content=\"2560\" \/>\n\t<meta property=\"og:image:height\" content=\"1707\" \/>\n\t<meta property=\"og:image:type\" content=\"image\/jpeg\" \/>\n<meta name=\"twitter:card\" content=\"summary_large_image\" \/>\n<meta name=\"twitter:label1\" content=\"Est. reading time\" \/>\n\t<meta name=\"twitter:data1\" content=\"2 minutes\" \/>\n<script type=\"application\/ld+json\" class=\"yoast-schema-graph\">{\"@context\":\"https:\\\/\\\/schema.org\",\"@graph\":[{\"@type\":\"WebPage\",\"@id\":\"https:\\\/\\\/cakeyard.com\\\/en\\\/product\\\/brownies\\\/\",\"url\":\"https:\\\/\\\/cakeyard.com\\\/en\\\/product\\\/brownies\\\/\",\"name\":\"Brownies | Cake Yard %\",\"isPartOf\":{\"@id\":\"https:\\\/\\\/cakeyard.com\\\/en\\\/#website\"},\"primaryImageOfPage\":{\"@id\":\"https:\\\/\\\/cakeyard.com\\\/en\\\/product\\\/brownies\\\/#primaryimage\"},\"image\":{\"@id\":\"https:\\\/\\\/cakeyard.com\\\/en\\\/product\\\/brownies\\\/#primaryimage\"},\"thumbnailUrl\":\"https:\\\/\\\/cakeyard.com\\\/wp-content\\\/uploads\\\/2023\\\/08\\\/DSC05895-scaled.jpg\",\"datePublished\":\"2023-08-15T11:05:32+00:00\",\"dateModified\":\"2025-02-24T20:43:51+00:00\",\"description\":\"2X150 gram, Kaliteli Bel\u00e7ika \u00e7ikolatalar\u0131 ile haz\u0131rlanan benzersiz lezzetteki Klasik Brownie'ler taptaze bir \u015fekilde evinize kadar geliyor.\",\"breadcrumb\":{\"@id\":\"https:\\\/\\\/cakeyard.com\\\/en\\\/product\\\/brownies\\\/#breadcrumb\"},\"inLanguage\":\"en-US\",\"potentialAction\":[{\"@type\":\"ReadAction\",\"target\":[\"https:\\\/\\\/cakeyard.com\\\/en\\\/product\\\/brownies\\\/\"]}]},{\"@type\":\"ImageObject\",\"inLanguage\":\"en-US\",\"@id\":\"https:\\\/\\\/cakeyard.com\\\/en\\\/product\\\/brownies\\\/#primaryimage\",\"url\":\"https:\\\/\\\/cakeyard.com\\\/wp-content\\\/uploads\\\/2023\\\/08\\\/DSC05895-scaled.jpg\",\"contentUrl\":\"https:\\\/\\\/cakeyard.com\\\/wp-content\\\/uploads\\\/2023\\\/08\\\/DSC05895-scaled.jpg\",\"width\":2560,\"height\":1707},{\"@type\":\"BreadcrumbList\",\"@id\":\"https:\\\/\\\/cakeyard.com\\\/en\\\/product\\\/brownies\\\/#breadcrumb\",\"itemListElement\":[{\"@type\":\"ListItem\",\"position\":1,\"name\":\"Home\",\"item\":\"https:\\\/\\\/cakeyard.com\\\/en\\\/\"},{\"@type\":\"ListItem\",\"position\":2,\"name\":\"Menu\",\"item\":\"https:\\\/\\\/cakeyard.com\\\/en\\\/menu\\\/\"},{\"@type\":\"ListItem\",\"position\":3,\"name\":\"Brownies\"}]},{\"@type\":\"WebSite\",\"@id\":\"https:\\\/\\\/cakeyard.com\\\/en\\\/#website\",\"url\":\"https:\\\/\\\/cakeyard.com\\\/en\\\/\",\"name\":\"CAKE YARD\",\"description\":\"Cinnamon Rolls\",\"publisher\":{\"@id\":\"https:\\\/\\\/cakeyard.com\\\/en\\\/#organization\"},\"alternateName\":\"Cinnamon Rolls by CAKE YARED\",\"potentialAction\":[{\"@type\":\"SearchAction\",\"target\":{\"@type\":\"EntryPoint\",\"urlTemplate\":\"https:\\\/\\\/cakeyard.com\\\/en\\\/?s={search_term_string}\"},\"query-input\":{\"@type\":\"PropertyValueSpecification\",\"valueRequired\":true,\"valueName\":\"search_term_string\"}}],\"inLanguage\":\"en-US\"},{\"@type\":\"Organization\",\"@id\":\"https:\\\/\\\/cakeyard.com\\\/en\\\/#organization\",\"name\":\"CAKE YARD\",\"alternateName\":\"Cinnamon Rolls by CAKE YARD\",\"url\":\"https:\\\/\\\/cakeyard.com\\\/en\\\/\",\"logo\":{\"@type\":\"ImageObject\",\"inLanguage\":\"en-US\",\"@id\":\"https:\\\/\\\/cakeyard.com\\\/en\\\/#\\\/schema\\\/logo\\\/image\\\/\",\"url\":\"https:\\\/\\\/cakeyard.com\\\/wp-content\\\/uploads\\\/2023\\\/05\\\/cropped-cakeyard-favicon.png\",\"contentUrl\":\"https:\\\/\\\/cakeyard.com\\\/wp-content\\\/uploads\\\/2023\\\/05\\\/cropped-cakeyard-favicon.png\",\"width\":512,\"height\":512,\"caption\":\"CAKE YARD\"},\"image\":{\"@id\":\"https:\\\/\\\/cakeyard.com\\\/en\\\/#\\\/schema\\\/logo\\\/image\\\/\"},\"sameAs\":[\"https:\\\/\\\/www.facebook.com\\\/cakeyardtr\",\"https:\\\/\\\/www.instagram.com\\\/cakeyardtr\",\"https:\\\/\\\/www.instagram.com\\\/cakeyardar\"]}]}<\/script>\n<!-- \/ Yoast SEO plugin. -->","yoast_head_json":{"title":"Brownies | Cake Yard %","description":"2X150 gram, Kaliteli Bel\u00e7ika \u00e7ikolatalar\u0131 ile haz\u0131rlanan benzersiz lezzetteki Klasik Brownie'ler taptaze bir \u015fekilde evinize kadar geliyor.","robots":{"index":"index","follow":"follow","max-snippet":"max-snippet:-1","max-image-preview":"max-image-preview:large","max-video-preview":"max-video-preview:-1"},"canonical":"https:\/\/cakeyard.com\/en\/product\/brownies\/","og_locale":"en_US","og_type":"article","og_title":"Brownies | Cake Yard %","og_description":"2X150 gram, Kaliteli Bel\u00e7ika \u00e7ikolatalar\u0131 ile haz\u0131rlanan benzersiz lezzetteki Klasik Brownie'ler taptaze bir \u015fekilde evinize kadar geliyor.","og_url":"https:\/\/cakeyard.com\/en\/product\/brownies\/","og_site_name":"Cake Yard","article_publisher":"https:\/\/www.facebook.com\/cakeyardtr","article_modified_time":"2025-02-24T20:43:51+00:00","og_image":[{"width":2560,"height":1707,"url":"https:\/\/cakeyard.com\/wp-content\/uploads\/2023\/08\/DSC05895-scaled.jpg","type":"image\/jpeg"}],"twitter_card":"summary_large_image","twitter_misc":{"Est. reading time":"2 minutes"},"schema":{"@context":"https:\/\/schema.org","@graph":[{"@type":"WebPage","@id":"https:\/\/cakeyard.com\/en\/product\/brownies\/","url":"https:\/\/cakeyard.com\/en\/product\/brownies\/","name":"Brownies | Cake Yard %","isPartOf":{"@id":"https:\/\/cakeyard.com\/en\/#website"},"primaryImageOfPage":{"@id":"https:\/\/cakeyard.com\/en\/product\/brownies\/#primaryimage"},"image":{"@id":"https:\/\/cakeyard.com\/en\/product\/brownies\/#primaryimage"},"thumbnailUrl":"https:\/\/cakeyard.com\/wp-content\/uploads\/2023\/08\/DSC05895-scaled.jpg","datePublished":"2023-08-15T11:05:32+00:00","dateModified":"2025-02-24T20:43:51+00:00","description":"2X150 gram, Kaliteli Bel\u00e7ika \u00e7ikolatalar\u0131 ile haz\u0131rlanan benzersiz lezzetteki Klasik Brownie'ler taptaze bir \u015fekilde evinize kadar geliyor.","breadcrumb":{"@id":"https:\/\/cakeyard.com\/en\/product\/brownies\/#breadcrumb"},"inLanguage":"en-US","potentialAction":[{"@type":"ReadAction","target":["https:\/\/cakeyard.com\/en\/product\/brownies\/"]}]},{"@type":"ImageObject","inLanguage":"en-US","@id":"https:\/\/cakeyard.com\/en\/product\/brownies\/#primaryimage","url":"https:\/\/cakeyard.com\/wp-content\/uploads\/2023\/08\/DSC05895-scaled.jpg","contentUrl":"https:\/\/cakeyard.com\/wp-content\/uploads\/2023\/08\/DSC05895-scaled.jpg","width":2560,"height":1707},{"@type":"BreadcrumbList","@id":"https:\/\/cakeyard.com\/en\/product\/brownies\/#breadcrumb","itemListElement":[{"@type":"ListItem","position":1,"name":"Home","item":"https:\/\/cakeyard.com\/en\/"},{"@type":"ListItem","position":2,"name":"Menu","item":"https:\/\/cakeyard.com\/en\/menu\/"},{"@type":"ListItem","position":3,"name":"Brownies"}]},{"@type":"WebSite","@id":"https:\/\/cakeyard.com\/en\/#website","url":"https:\/\/cakeyard.com\/en\/","name":"CAKE YARD","description":"Cinnamon Rolls","publisher":{"@id":"https:\/\/cakeyard.com\/en\/#organization"},"alternateName":"Cinnamon Rolls by CAKE YARED","potentialAction":[{"@type":"SearchAction","target":{"@type":"EntryPoint","urlTemplate":"https:\/\/cakeyard.com\/en\/?s={search_term_string}"},"query-input":{"@type":"PropertyValueSpecification","valueRequired":true,"valueName":"search_term_string"}}],"inLanguage":"en-US"},{"@type":"Organization","@id":"https:\/\/cakeyard.com\/en\/#organization","name":"CAKE YARD","alternateName":"Cinnamon Rolls by CAKE YARD","url":"https:\/\/cakeyard.com\/en\/","logo":{"@type":"ImageObject","inLanguage":"en-US","@id":"https:\/\/cakeyard.com\/en\/#\/schema\/logo\/image\/","url":"https:\/\/cakeyard.com\/wp-content\/uploads\/2023\/05\/cropped-cakeyard-favicon.png","contentUrl":"https:\/\/cakeyard.com\/wp-content\/uploads\/2023\/05\/cropped-cakeyard-favicon.png","width":512,"height":512,"caption":"CAKE YARD"},"image":{"@id":"https:\/\/cakeyard.com\/en\/#\/schema\/logo\/image\/"},"sameAs":["https:\/\/www.facebook.com\/cakeyardtr","https:\/\/www.instagram.com\/cakeyardtr","https:\/\/www.instagram.com\/cakeyardar"]}]}},"jetpack_sharing_enabled":true,"_links":{"self":[{"href":"https:\/\/cakeyard.com\/en\/wp-json\/wp\/v2\/product\/2155","targetHints":{"allow":["GET"]}}],"collection":[{"href":"https:\/\/cakeyard.com\/en\/wp-json\/wp\/v2\/product"}],"about":[{"href":"https:\/\/cakeyard.com\/en\/wp-json\/wp\/v2\/types\/product"}],"replies":[{"embeddable":true,"href":"https:\/\/cakeyard.com\/en\/wp-json\/wp\/v2\/comments?post=2155"}],"version-history":[{"count":2,"href":"https:\/\/cakeyard.com\/en\/wp-json\/wp\/v2\/product\/2155\/revisions"}],"predecessor-version":[{"id":2348,"href":"https:\/\/cakeyard.com\/en\/wp-json\/wp\/v2\/product\/2155\/revisions\/2348"}],"wp:featuredmedia":[{"embeddable":true,"href":"https:\/\/cakeyard.com\/en\/wp-json\/wp\/v2\/media\/1384"}],"wp:attachment":[{"href":"https:\/\/cakeyard.com\/en\/wp-json\/wp\/v2\/media?parent=2155"}],"wp:term":[{"taxonomy":"product_brand","embeddable":true,"href":"https:\/\/cakeyard.com\/en\/wp-json\/wp\/v2\/product_brand?post=2155"},{"taxonomy":"product_cat","embeddable":true,"href":"https:\/\/cakeyard.com\/en\/wp-json\/wp\/v2\/product_cat?post=2155"},{"taxonomy":"product_tag","embeddable":true,"href":"https:\/\/cakeyard.com\/en\/wp-json\/wp\/v2\/product_tag?post=2155"}],"curies":[{"name":"wp","href":"https:\/\/api.w.org\/{rel}","templated":true}]}}